{"id":60,"date":"2018-08-03T08:06:05","date_gmt":"2018-08-03T08:06:05","guid":{"rendered":"https:\/\/labtechco-demo.pbminfotech.com\/?page_id=6669"},"modified":"2026-03-31T14:23:38","modified_gmt":"2026-03-31T10:23:38","slug":"about-us","status":"publish","type":"page","link":"https:\/\/salmanoglukimya.com\/en\/about-us\/","title":{"rendered":"\u015e\u0130RK\u018fT HAQQINDA"},"content":{"rendered":"<div data-elementor-type=\"wp-page\" data-elementor-id=\"60\" class=\"elementor elementor-60\" data-elementor-post-type=\"page\">\n\t\t\t\t\t\t<section class=\"elementor-section elementor-top-section elementor-element elementor-element-a1a067a elementor-section-stretched ts-col-stretched-none ts-bg-color-over-image elementor-section-boxed elementor-section-height-default elementor-section-height-default\" data-id=\"a1a067a\" data-element_type=\"section\" data-settings=\"{&quot;stretch_section&quot;:&quot;section-stretched&quot;}\">\n\t\t\t\t\t\t<div class=\"elementor-container elementor-column-gap-no\">\n\t\t\t\t\t<div class=\"elementor-column elementor-col-50 elementor-top-column elementor-element elementor-element-b7c3221 ts-bg-color-over-image\" data-id=\"b7c3221\" data-element_type=\"column\">\n\t\t\t<div class=\"elementor-widget-wrap elementor-element-populated\">\n\t\t\t\t\t\t<div class=\"elementor-element elementor-element-f8787fd ts-align-left elementor-widget elementor-widget-ts_heading\" data-id=\"f8787fd\" data-element_type=\"widget\" data-widget_type=\"ts_heading.default\">\n\t\t\t\t<div class=\"elementor-widget-container\">\n\t\t\t\t\t\t<div class=\"ts-heading-subheading ts-reverse-heading-yes animation-style1\"><h1 class=\"ts-custom-heading ts-custom-heading-title\">\r\n\t\t\t\r\n\t\t\t\tThey <strong><br>BU SAH\u018fD\u018f<br> ET\u0130BAR ED\u0130L\u018fC\u018fK M\u00dcT\u018fX\u018fSS\u0130L\u018fR<\/strong>\r\n\t\t\t\r\n\t\t\t<\/h1>\r\n\t\t<div class=\"ts-heading-desc\">Siz\u0259 m\u0259sl\u0259h\u0259tl\u0259r ver\u0259c\u0259k v\u0259 ist\u0259diyiniz n\u0259ti\u00e7\u0259ni \u0259ld\u0259 ed\u0259n\u0259d\u0259k, pe\u015f\u0259karlar t\u0259r\u0259find\u0259n m\u00fc\u015fahid\u0259 edil\u0259c\u0259ksiniz.Biz daim sizin i\u015finiz\u0259 d\u0259st\u0259k olaca\u011f\u0131q.<\/div><\/div>\t\t\t\t<\/div>\n\t\t\t\t<\/div>\n\t\t\t\t\t<\/div>\n\t\t<\/div>\n\t\t\t\t<div class=\"elementor-column elementor-col-50 elementor-top-column elementor-element elementor-element-7cb7db1 ts-bg-color-yes ts-bgcolor-skincolor ts-bg-color-over-image\" data-id=\"7cb7db1\" data-element_type=\"column\">\n\t\t\t<div class=\"elementor-widget-wrap elementor-element-populated\">\n\t\t\t\t\t\t<div class=\"elementor-element elementor-element-64af1e2 elementor-widget elementor-widget-image\" data-id=\"64af1e2\" data-element_type=\"widget\" data-widget_type=\"image.default\">\n\t\t\t\t\t\t\t\t\t\t\t\t\t\t\t<img loading=\"lazy\" decoding=\"async\" width=\"300\" height=\"366\" src=\"https:\/\/salmanoglukimya.com\/wp-content\/uploads\/2024\/06\/7777-2.jpg\" class=\"attachment-full size-full wp-image-637\" alt=\"\" srcset=\"https:\/\/salmanoglukimya.com\/wp-content\/uploads\/2024\/06\/7777-2.jpg 300w, https:\/\/salmanoglukimya.com\/wp-content\/uploads\/2024\/06\/7777-2-64x78.jpg 64w, https:\/\/salmanoglukimya.com\/wp-content\/uploads\/2024\/06\/7777-2-246x300.jpg 246w\" sizes=\"auto, (max-width: 300px) 100vw, 300px\" \/>\t\t\t\t\t\t\t\t\t\t\t\t\t\t\t<\/div>\n\t\t\t\t<section class=\"elementor-section elementor-inner-section elementor-element elementor-element-3113425 ts-col-stretched-none ts-bg-color-over-image elementor-section-boxed elementor-section-height-default elementor-section-height-default\" data-id=\"3113425\" data-element_type=\"section\">\n\t\t\t\t\t\t<div class=\"elementor-container elementor-column-gap-no\">\n\t\t\t\t\t<div class=\"elementor-column elementor-col-50 elementor-inner-column elementor-element elementor-element-6de5127 ts-bg-color-over-image\" data-id=\"6de5127\" data-element_type=\"column\">\n\t\t\t<div class=\"elementor-widget-wrap elementor-element-populated\">\n\t\t\t\t\t\t\t<\/div>\n\t\t<\/div>\n\t\t\t\t<div class=\"elementor-column elementor-col-50 elementor-inner-column elementor-element elementor-element-50efff9 ts-bg-color-over-image\" data-id=\"50efff9\" data-element_type=\"column\">\n\t\t\t<div class=\"elementor-widget-wrap\">\n\t\t\t\t\t\t\t<\/div>\n\t\t<\/div>\n\t\t\t\t\t<\/div>\n\t\t<\/section>\n\t\t\t\t\t<\/div>\n\t\t<\/div>\n\t\t\t\t\t<\/div>\n\t\t<\/section>\n\t\t\t\t<section class=\"elementor-section elementor-top-section elementor-element elementor-element-45eef65 elementor-section-stretched ts-col-stretched-none ts-bg-color-over-image elementor-section-boxed elementor-section-height-default elementor-section-height-default\" data-id=\"45eef65\" data-element_type=\"section\" data-settings=\"{&quot;stretch_section&quot;:&quot;section-stretched&quot;}\">\n\t\t\t\t\t\t<div class=\"elementor-container elementor-column-gap-no\">\n\t\t\t\t\t<div class=\"elementor-column elementor-col-50 elementor-top-column elementor-element elementor-element-b5713a9 ts-bg-color-over-image\" data-id=\"b5713a9\" data-element_type=\"column\">\n\t\t\t<div class=\"elementor-widget-wrap elementor-element-populated\">\n\t\t\t\t\t\t<div class=\"elementor-element elementor-element-e4cb422 elementor-widget elementor-widget-image\" data-id=\"e4cb422\" data-element_type=\"widget\" data-widget_type=\"image.default\">\n\t\t\t\t\t\t\t\t\t\t\t\t\t\t\t<img loading=\"lazy\" decoding=\"async\" width=\"300\" height=\"381\" src=\"https:\/\/salmanoglukimya.com\/wp-content\/uploads\/2024\/06\/8888.jpg\" class=\"attachment-full size-full wp-image-638\" alt=\"\" srcset=\"https:\/\/salmanoglukimya.com\/wp-content\/uploads\/2024\/06\/8888.jpg 300w, https:\/\/salmanoglukimya.com\/wp-content\/uploads\/2024\/06\/8888-64x81.jpg 64w, https:\/\/salmanoglukimya.com\/wp-content\/uploads\/2024\/06\/8888-236x300.jpg 236w\" sizes=\"auto, (max-width: 300px) 100vw, 300px\" \/>\t\t\t\t\t\t\t\t\t\t\t\t\t\t\t<\/div>\n\t\t\t\t\t<\/div>\n\t\t<\/div>\n\t\t\t\t<div class=\"elementor-column elementor-col-50 elementor-top-column elementor-element elementor-element-86d7afa ts-bg-color-over-image\" data-id=\"86d7afa\" data-element_type=\"column\">\n\t\t\t<div class=\"elementor-widget-wrap elementor-element-populated\">\n\t\t\t\t\t\t<section class=\"elementor-section elementor-inner-section elementor-element elementor-element-1f2de77 ts-fid-sep ts-col-stretched-none ts-bg-color-over-image elementor-section-boxed elementor-section-height-default elementor-section-height-default\" data-id=\"1f2de77\" data-element_type=\"section\">\n\t\t\t\t\t\t<div class=\"elementor-container elementor-column-gap-no\">\n\t\t\t\t\t<div class=\"elementor-column elementor-col-50 elementor-inner-column elementor-element elementor-element-edafc82 ts-bg-color-over-image\" data-id=\"edafc82\" data-element_type=\"column\">\n\t\t\t<div class=\"elementor-widget-wrap elementor-element-populated\">\n\t\t\t\t\t\t<div class=\"elementor-element elementor-element-a77bcaa elementor-widget elementor-widget-ts_fid_element\" data-id=\"a77bcaa\" data-element_type=\"widget\" data-widget_type=\"ts_fid_element.default\">\n\t\t\t\t<div class=\"elementor-widget-container\">\n\t\t\t\t\t<div class=\"themestek-ele themestek-ele-fidbox themestek-ele-fidbox-style-3\">\r\n\r\n<div class=\"ts-fid inside ts-fid-boxstyle-without-icon ts-fidbox-style-3\">\r\n\t<div class=\"ts-fld-contents\">\r\n\t\t<h3 class=\"ts-fid-inner\">\r\n\t\t\t\t\t\t<span data-appear-animation=\"animateDigits\" data-from=\"0\" data-to=\"75\" data-interval=\"5\">\r\n\t\t\t\t\t75\t\t\t<\/span>\r\n\t\t\t\t\t<\/h3>\r\n\t\t<h6 class=\"ts-fid-title\"><span>Costumers<br><\/span><\/h6>\r\n\t<\/div><!-- .ts-fld-contents -->\r\n<\/div>\r\n\r\n\r\n\r\n<\/div>\t\t\t\t<\/div>\n\t\t\t\t<\/div>\n\t\t\t\t\t<\/div>\n\t\t<\/div>\n\t\t\t\t<div class=\"elementor-column elementor-col-50 elementor-inner-column elementor-element elementor-element-b3fb33b ts-bg-color-over-image\" data-id=\"b3fb33b\" data-element_type=\"column\">\n\t\t\t<div class=\"elementor-widget-wrap elementor-element-populated\">\n\t\t\t\t\t\t<div class=\"elementor-element elementor-element-f048c91 elementor-widget elementor-widget-ts_fid_element\" data-id=\"f048c91\" data-element_type=\"widget\" data-widget_type=\"ts_fid_element.default\">\n\t\t\t\t<div class=\"elementor-widget-container\">\n\t\t\t\t\t<div class=\"themestek-ele themestek-ele-fidbox themestek-ele-fidbox-style-3\">\r\n\r\n<div class=\"ts-fid inside ts-fid-boxstyle-without-icon ts-fidbox-style-3\">\r\n\t<div class=\"ts-fld-contents\">\r\n\t\t<h3 class=\"ts-fid-inner\">\r\n\t\t\t\t\t\t<span data-appear-animation=\"animateDigits\" data-from=\"0\" data-to=\"34\" data-interval=\"5\">\r\n\t\t\t\t\t34\t\t\t<\/span>\r\n\t\t\t\t\t<\/h3>\r\n\t\t<h6 class=\"ts-fid-title\"><span>Projects<br><\/span><\/h6>\r\n\t<\/div><!-- .ts-fld-contents -->\r\n<\/div>\r\n\r\n\r\n\r\n<\/div>\t\t\t\t<\/div>\n\t\t\t\t<\/div>\n\t\t\t\t\t<\/div>\n\t\t<\/div>\n\t\t\t\t\t<\/div>\n\t\t<\/section>\n\t\t\t\t\t<\/div>\n\t\t<\/div>\n\t\t\t\t\t<\/div>\n\t\t<\/section>\n\t\t\t\t<section class=\"elementor-section elementor-top-section elementor-element elementor-element-3ca89b0 ts-bg-color-yes ts-bgcolor-grey elementor-section-stretched ts-col-stretched-none ts-bg-color-over-image elementor-section-boxed elementor-section-height-default elementor-section-height-default\" data-id=\"3ca89b0\" data-element_type=\"section\" data-settings=\"{&quot;stretch_section&quot;:&quot;section-stretched&quot;}\">\n\t\t\t\t\t\t<div class=\"elementor-container elementor-column-gap-no\">\n\t\t\t\t\t<div class=\"elementor-column elementor-col-100 elementor-top-column elementor-element elementor-element-1a8cd6d ts-bg-color-over-image\" data-id=\"1a8cd6d\" data-element_type=\"column\">\n\t\t\t<div class=\"elementor-widget-wrap\">\n\t\t\t\t\t\t\t<\/div>\n\t\t<\/div>\n\t\t\t\t\t<\/div>\n\t\t<\/section>\n\t\t\t\t<section class=\"elementor-section elementor-top-section elementor-element elementor-element-99f1574 elementor-section-stretched ts-col-stretched-none ts-bg-color-over-image elementor-section-boxed elementor-section-height-default elementor-section-height-default\" data-id=\"99f1574\" data-element_type=\"section\" data-settings=\"{&quot;stretch_section&quot;:&quot;section-stretched&quot;}\">\n\t\t\t\t\t\t<div class=\"elementor-container elementor-column-gap-no\">\n\t\t\t\t\t<div class=\"elementor-column elementor-col-100 elementor-top-column elementor-element elementor-element-417cbf6 ts-bg-color-over-image\" data-id=\"417cbf6\" data-element_type=\"column\">\n\t\t\t<div class=\"elementor-widget-wrap elementor-element-populated\">\n\t\t\t\t\t\t<div class=\"elementor-element elementor-element-023d0fb ts-align-center elementor-widget elementor-widget-ts_heading\" data-id=\"023d0fb\" data-element_type=\"widget\" data-widget_type=\"ts_heading.default\">\n\t\t\t\t<div class=\"elementor-widget-container\">\n\t\t\t\t\t\t<div class=\"ts-heading-subheading ts-reverse-heading-yes animation-style4\"><h2 class=\"ts-custom-heading ts-custom-heading-title\">\r\n\t\t\t\r\n\t\t\t\tCostumers \r\n\t\t\t\r\n\t\t\t<\/h2>\r\n\t\t<\/div>\t\t\t\t<\/div>\n\t\t\t\t<\/div>\n\t\t\t\t<div class=\"elementor-element elementor-element-023a6a8 elementor-widget elementor-widget-ts_testimonial_element\" data-id=\"023a6a8\" data-element_type=\"widget\" data-widget_type=\"ts_testimonial_element.default\">\n\t\t\t\t<div class=\"elementor-widget-container\">\n\t\t\t\t\t<div class=\"themestek-boxes themestek-boxes-testimonial themestek-boxes-element-testimonial-style-2 themestek-boxes-view-carousel themestek-boxes-col-one themestek-boxes-sortable- themestek-boxes-textalign- themestek-boxes-sortablebutton- themestek-boxes-spacing-default ts-boxes-carousel-arrows-1\" data-ts-autoplayspeed=\"1000\" data-ts-loop=\"1\" data-ts-nav=\"1\" data-ts-autoplay=\"0\" data-ts-dots=\"0\">\r\n\t\t<div class=\"themestek-boxes-inner themestek-boxes-testimonial-inner\">\t<div class=\"ts-heading-subheading\"><\/div>\r\n\t\t\t\r\n\t\t\t<div class=\"row multi-columns-row themestek-boxes-row-wrapper\">\r\n\t\t\t\t<div class=\"ts-box-col-wrapper col-lg-12 col-sm-12 col-md-12 col-xs-12 ts-term-23 ts-term-24\"><article class=\"themestek-box themestek-box-testimonial ts-testimonialbox-style-2\">\r\n\t<div class=\"themestek-post-item\">\r\n\t\t<div class=\"themestek-box-img\">\r\n\t\t<span class=\"themestek-item-thumbnail\">\r\n\t\t\t<span class=\"themestek-item-thumbnail-inner\">\r\n\t\t\t\t<img loading=\"lazy\" decoding=\"async\" width=\"300\" height=\"300\" src=\"https:\/\/salmanoglukimya.com\/wp-content\/uploads\/2018\/02\/fff-300x300.png\" class=\"attachment-thumbnail size-thumbnail wp-post-image\" alt=\"\" \/>\r\n\t\t\t<\/span>\r\n\t\t<\/span><\/div>\r\n\t\t<div class=\"themestek-box-content\">\t\t\t\r\n\t\t\t<div class=\"themestek-box-desc\"><blockquote class=\"themestek-testimonial-text\">We are working many years with SalmanogluKimya. They have great team, good experience.<\/blockquote><\/div>\r\n\t\t\t<div class=\"themestek-box-author\">\t\t\t\t\r\n\t\t\t\t<div class=\"themestek-box-title\"><h3 class=\"themestek-author-name\">Shirvan Hasanov<\/h3><span class=\"themestek-box-footer\">JSNET FOUNDER<\/span><\/div>\r\n\t\t\t<\/div>\r\n\t\t<\/div>\r\n\t<\/div>\r\n<\/article><\/div>\r\n\t\t\t<\/div>\r\n\t\t<\/div><!-- .themestek-boxes-inner -->   <\/div><!-- .themestek-boxes -->  \t\t\t\t<\/div>\n\t\t\t\t<\/div>\n\t\t\t\t\t<\/div>\n\t\t<\/div>\n\t\t\t\t\t<\/div>\n\t\t<\/section>\n\t\t\t\t<\/div>","protected":false},"excerpt":{"rendered":"<p>SALMANO\u011eLUK\u0130MYA BU SAH\u018fD\u018f ET\u0130BAR ED\u0130L\u018fC\u018fK M\u00dcT\u018fX\u018fSS\u0130L\u018fR Siz\u0259 m\u0259sl\u0259h\u0259tl\u0259r ver\u0259c\u0259k v\u0259 ist\u0259diyiniz n\u0259ti\u00e7\u0259ni \u0259ld\u0259 ed\u0259n\u0259d\u0259k, pe\u015f\u0259karlar t\u0259r\u0259find\u0259n m\u00fc\u015fahid\u0259 edil\u0259c\u0259ksiniz.Biz daim sizin i\u015finiz\u0259 d\u0259st\u0259k olaca\u011f\u0131q. 75 M\u00dc\u015eT\u018fR\u0130L\u018fR 34 LAY\u0130H\u018fL\u018fR M\u00dc\u015eT\u018fR\u0130L\u018fR\u0130M\u0130Z We are working many years with SalmanogluKimya. They have create team and good experience. Shirvan Hasanov JSNET FOUNDER \u201cI greatly appreciate the communication on the very hard &hellip; <a href=\"https:\/\/salmanoglukimya.com\/en\/testimonial\/john-doe\/\" class=\"more-link\" title=\"Continue reading <span class=\"screen-reader-text\">Shirvan Hasanov<\/span>&#8220;>Continue reading <span class=\"screen-reader-text\">Shirvan Hasanov<\/span><\/a><\/p>","protected":false},"author":1,"featured_media":0,"parent":0,"menu_order":15,"comment_status":"closed","ping_status":"closed","template":"","meta":{"footnotes":""},"class_list":["post-60","page","type-page","status-publish","hentry"],"_links":{"self":[{"href":"https:\/\/salmanoglukimya.com\/en\/wp-json\/wp\/v2\/pages\/60","targetHints":{"allow":["GET"]}}],"collection":[{"href":"https:\/\/salmanoglukimya.com\/en\/wp-json\/wp\/v2\/pages"}],"about":[{"href":"https:\/\/salmanoglukimya.com\/en\/wp-json\/wp\/v2\/types\/page"}],"author":[{"embeddable":true,"href":"https:\/\/salmanoglukimya.com\/en\/wp-json\/wp\/v2\/users\/1"}],"replies":[{"embeddable":true,"href":"https:\/\/salmanoglukimya.com\/en\/wp-json\/wp\/v2\/comments?post=60"}],"version-history":[{"count":1,"href":"https:\/\/salmanoglukimya.com\/en\/wp-json\/wp\/v2\/pages\/60\/revisions"}],"predecessor-version":[{"id":2168,"href":"https:\/\/salmanoglukimya.com\/en\/wp-json\/wp\/v2\/pages\/60\/revisions\/2168"}],"wp:attachment":[{"href":"https:\/\/salmanoglukimya.com\/en\/wp-json\/wp\/v2\/media?parent=60"}],"curies":[{"name":"wp","href":"https:\/\/api.w.org\/{rel}","templated":true}]}}