{"id":67,"date":"2018-08-03T06:04:16","date_gmt":"2018-08-03T06:04:16","guid":{"rendered":"https:\/\/labtechco-demo.pbminfotech.com\/?page_id=6602"},"modified":"2026-03-31T14:24:06","modified_gmt":"2026-03-31T10:24:06","slug":"contacts","status":"publish","type":"page","link":"https:\/\/salmanoglukimya.com\/en\/contacts\/","title":{"rendered":"Contacts"},"content":{"rendered":"<div data-elementor-type=\"wp-page\" data-elementor-id=\"67\" class=\"elementor elementor-67\" data-elementor-post-type=\"page\">\n\t\t\t\t\t\t<div class=\"elementor-section elementor-top-section elementor-element elementor-element-4a367f9 elementor-section-full_width elementor-section-stretched ts-col-stretched-none ts-bg-color-over-image elementor-section-height-default elementor-section-height-default\" data-id=\"4a367f9\" data-element_type=\"section\" data-settings=\"{&quot;stretch_section&quot;:&quot;section-stretched&quot;}\">\n\t\t\t\t\t\t<div class=\"elementor-container elementor-column-gap-no\">\n\t\t\t\t\t<div class=\"elementor-column elementor-col-100 elementor-top-column elementor-element elementor-element-9bc01c2 ts-bg-color-over-image\" data-id=\"9bc01c2\" data-element_type=\"column\">\n\t\t\t<div class=\"elementor-widget-wrap elementor-element-populated\">\n\t\t\t\t\t\t<div class=\"elementor-element elementor-element-548b110 elementor-widget elementor-widget-google_maps\" data-id=\"548b110\" data-element_type=\"widget\" data-widget_type=\"google_maps.default\">\n\t\t\t\t\t\t\t<div class=\"elementor-custom-embed\">\n\t\t\t<iframe loading=\"lazy\"\n\t\t\t\t\tsrc=\"https:\/\/maps.google.com\/maps?q=Nizami%20r-nu%2C%20Bab%C9%99k%20prosp.%2C%20ev%2095%20m%C9%99n%20170&#038;t=m&#038;z=16&#038;output=embed&#038;iwloc=near\"\n\t\t\t\t\ttitle=\"Nizami r-nu, Bab\u0259k prosp., ev 95 m\u0259n 170\"\n\t\t\t\t\taria-label=\"Nizami r-nu, Bab\u0259k prosp., ev 95 m\u0259n 170\"\n\t\t\t><\/iframe>\n\t\t<\/div>\n\t\t\t\t\t\t<\/div>\n\t\t\t\t\t<\/div>\n\t\t<\/div>\n\t\t\t\t\t<\/div>\n\t\t<\/div>\n\t\t\t\t<section class=\"elementor-section elementor-top-section elementor-element elementor-element-ea60fe4 elementor-section-stretched ts-col-stretched-none ts-bg-color-over-image elementor-section-boxed elementor-section-height-default elementor-section-height-default\" data-id=\"ea60fe4\" data-element_type=\"section\" data-settings=\"{&quot;stretch_section&quot;:&quot;section-stretched&quot;}\">\n\t\t\t\t\t\t<div class=\"elementor-container elementor-column-gap-no\">\n\t\t\t\t\t<div class=\"elementor-column elementor-col-50 elementor-top-column elementor-element elementor-element-ab044f7 ts-bg-color-over-image\" data-id=\"ab044f7\" data-element_type=\"column\">\n\t\t\t<div class=\"elementor-widget-wrap elementor-element-populated\">\n\t\t\t\t\t\t<div class=\"elementor-element elementor-element-fd4c4b7 elementor-widget elementor-widget-heading\" data-id=\"fd4c4b7\" data-element_type=\"widget\" data-widget_type=\"heading.default\">\n\t\t\t\t\t<h3 class=\"elementor-heading-title elementor-size-default\">\u018flaq\u0259 Vasit\u0259l\u0259ri<\/h3>\t\t\t\t<\/div>\n\t\t\t\t<section class=\"elementor-section elementor-inner-section elementor-element elementor-element-65ccc32 ts-ihbox-style-2-contact ts-col-stretched-none ts-bg-color-over-image elementor-section-boxed elementor-section-height-default elementor-section-height-default\" data-id=\"65ccc32\" data-element_type=\"section\">\n\t\t\t\t\t\t<div class=\"elementor-container elementor-column-gap-no\">\n\t\t\t\t\t<div class=\"elementor-column elementor-col-50 elementor-inner-column elementor-element elementor-element-22e3449 ts-bg-color-over-image\" data-id=\"22e3449\" data-element_type=\"column\">\n\t\t\t<div class=\"elementor-widget-wrap elementor-element-populated\">\n\t\t\t\t\t\t<div class=\"elementor-element elementor-element-c6c1870 elementor-widget elementor-widget-ts_icon_heading\" data-id=\"c6c1870\" data-element_type=\"widget\" data-widget_type=\"ts_icon_heading.default\">\n\t\t\t\t<div class=\"elementor-widget-container\">\n\t\t\t\t\t\r\n\r\n<div class=\"ts-ihbox ts-ihbox-style-2 ts-ihbox-itype-icon\">\r\n\t<div class=\"ts-sbox-bgimage-layer ts-bgimage-layer\"><\/div>\r\n\t<div class=\"ts-ihbox-wrapper-bg-layer ts-bg-layer\"><\/div>\r\n\t\r\n\t<div class=\"ts-ihbox-inner\">\r\n\t\t<div class=\"ts-ihbox-icon ts-large-icon ts-icon-skincolor\">\r\n\t\t\t<div class=\"ts-ihbox-icon\"><div class=\"ts-ihbox-icon-wrapper\"><i class=\"ti ti-location-pin\"><\/i><\/div><\/div>\t\t<\/div>\r\n\r\n\t\t<div class=\"ts-ihbox-contents\">\r\n\t\t\t<h2 class=\"ts-ihbox-heading\">\r\n\t\t\t\t\t\r\n\t\t\t\t\t\tAddress\r\n\t\t\t\t\t\r\n\t\t\t\t\t<\/h2>\r\n\t\t\t\t\t\r\n\t\t\t\t\t\t\t<div class=\"ts-ihbox-content\">N\u0259rimanov r. \u018fliyar \u018fliyev 10<\/div>\t\t\t\t\t<\/div><!-- .ts-sbox-contents -->\r\n\t<\/div>\t\r\n<\/div>\r\n\r\n\t\t\t\t<\/div>\n\t\t\t\t<\/div>\n\t\t\t\t\t<\/div>\n\t\t<\/div>\n\t\t\t\t<div class=\"elementor-column elementor-col-50 elementor-inner-column elementor-element elementor-element-884e52d ts-bg-color-over-image\" data-id=\"884e52d\" data-element_type=\"column\">\n\t\t\t<div class=\"elementor-widget-wrap elementor-element-populated\">\n\t\t\t\t\t\t<div class=\"elementor-element elementor-element-c2a7571 e-transform elementor-widget elementor-widget-ts_icon_heading\" data-id=\"c2a7571\" data-element_type=\"widget\" data-settings=\"{&quot;_transform_translateX_effect&quot;:{&quot;unit&quot;:&quot;px&quot;,&quot;size&quot;:42,&quot;sizes&quot;:[]},&quot;_transform_translateX_effect_tablet&quot;:{&quot;unit&quot;:&quot;px&quot;,&quot;size&quot;:&quot;&quot;,&quot;sizes&quot;:[]},&quot;_transform_translateX_effect_mobile&quot;:{&quot;unit&quot;:&quot;px&quot;,&quot;size&quot;:&quot;&quot;,&quot;sizes&quot;:[]},&quot;_transform_translateY_effect&quot;:{&quot;unit&quot;:&quot;px&quot;,&quot;size&quot;:&quot;&quot;,&quot;sizes&quot;:[]},&quot;_transform_translateY_effect_tablet&quot;:{&quot;unit&quot;:&quot;px&quot;,&quot;size&quot;:&quot;&quot;,&quot;sizes&quot;:[]},&quot;_transform_translateY_effect_mobile&quot;:{&quot;unit&quot;:&quot;px&quot;,&quot;size&quot;:&quot;&quot;,&quot;sizes&quot;:[]}}\" data-widget_type=\"ts_icon_heading.default\">\n\t\t\t\t<div class=\"elementor-widget-container\">\n\t\t\t\t\t\r\n\r\n<div class=\"ts-ihbox ts-ihbox-style-2 ts-ihbox-itype-icon\">\r\n\t<div class=\"ts-sbox-bgimage-layer ts-bgimage-layer\"><\/div>\r\n\t<div class=\"ts-ihbox-wrapper-bg-layer ts-bg-layer\"><\/div>\r\n\t\r\n\t<div class=\"ts-ihbox-inner\">\r\n\t\t<div class=\"ts-ihbox-icon ts-large-icon ts-icon-skincolor\">\r\n\t\t\t<div class=\"ts-ihbox-icon\"><div class=\"ts-ihbox-icon-wrapper\"><i class=\"ti ti-headphone\"><\/i><\/div><\/div>\t\t<\/div>\r\n\r\n\t\t<div class=\"ts-ihbox-contents\">\r\n\t\t\t<h2 class=\"ts-ihbox-heading\">\r\n\t\t\t\t\t\r\n\t\t\t\t\t\t\u018flaq\u0259 n\u00f6mr\u0259si\r\n\t\t\t\t\t\r\n\t\t\t\t\t<\/h2>\r\n\t\t\t\t\t\r\n\t\t\t\t\t\t\t<div class=\"ts-ihbox-content\">+994502120256<\/div>\t\t\t\t\t<\/div><!-- .ts-sbox-contents -->\r\n\t<\/div>\t\r\n<\/div>\r\n\r\n\t\t\t\t<\/div>\n\t\t\t\t<\/div>\n\t\t\t\t\t<\/div>\n\t\t<\/div>\n\t\t\t\t\t<\/div>\n\t\t<\/section>\n\t\t\t\t<section class=\"elementor-section elementor-inner-section elementor-element elementor-element-8e872d8 ts-ihbox-style-2-contact ts-col-stretched-none ts-bg-color-over-image elementor-section-boxed elementor-section-height-default elementor-section-height-default\" data-id=\"8e872d8\" data-element_type=\"section\">\n\t\t\t\t\t\t<div class=\"elementor-container elementor-column-gap-no\">\n\t\t\t\t\t<div class=\"elementor-column elementor-col-50 elementor-inner-column elementor-element elementor-element-f01c397 ts-bg-color-over-image\" data-id=\"f01c397\" data-element_type=\"column\">\n\t\t\t<div class=\"elementor-widget-wrap elementor-element-populated\">\n\t\t\t\t\t\t<div class=\"elementor-element elementor-element-64cfe43 elementor-absolute elementor-widget elementor-widget-ts_icon_heading\" data-id=\"64cfe43\" data-element_type=\"widget\" data-settings=\"{&quot;_position&quot;:&quot;absolute&quot;}\" data-widget_type=\"ts_icon_heading.default\">\n\t\t\t\t<div class=\"elementor-widget-container\">\n\t\t\t\t\t\r\n\r\n<div class=\"ts-ihbox ts-ihbox-style-2 ts-ihbox-itype-icon\">\r\n\t<div class=\"ts-sbox-bgimage-layer ts-bgimage-layer\"><\/div>\r\n\t<div class=\"ts-ihbox-wrapper-bg-layer ts-bg-layer\"><\/div>\r\n\t\r\n\t<div class=\"ts-ihbox-inner\">\r\n\t\t<div class=\"ts-ihbox-icon ts-large-icon ts-icon-skincolor\">\r\n\t\t\t<div class=\"ts-ihbox-icon\"><div class=\"ts-ihbox-icon-wrapper\"><i class=\"ti ti-email\"><\/i><\/div><\/div>\t\t<\/div>\r\n\r\n\t\t<div class=\"ts-ihbox-contents\">\r\n\t\t\t<h1 class=\"ts-ihbox-heading\">\r\n\t\t\t\t\t\r\n\t\t\t\t\t\t\t\nEMAIL \r\n\t\t\t\t\t\r\n\t\t\t\t\t<\/h1>\r\n\t\t\t\t\t\r\n\t\t\t\t\t\t\t<div class=\"ts-ihbox-content\">sales@salmanoglukimya.com<\/div>\t\t\t\t\t<\/div><!-- .ts-sbox-contents -->\r\n\t<\/div>\t\r\n<\/div>\r\n\r\n\t\t\t\t<\/div>\n\t\t\t\t<\/div>\n\t\t\t\t\t<\/div>\n\t\t<\/div>\n\t\t\t\t<div class=\"elementor-column elementor-col-50 elementor-inner-column elementor-element elementor-element-fbd90ed ts-bg-color-over-image\" data-id=\"fbd90ed\" data-element_type=\"column\">\n\t\t\t<div class=\"elementor-widget-wrap elementor-element-populated\">\n\t\t\t\t\t\t<div class=\"elementor-element elementor-element-15a2051 e-transform elementor-widget elementor-widget-ts_icon_heading\" data-id=\"15a2051\" data-element_type=\"widget\" data-settings=\"{&quot;_transform_translateX_effect&quot;:{&quot;unit&quot;:&quot;px&quot;,&quot;size&quot;:42,&quot;sizes&quot;:[]},&quot;_transform_translateX_effect_tablet&quot;:{&quot;unit&quot;:&quot;px&quot;,&quot;size&quot;:&quot;&quot;,&quot;sizes&quot;:[]},&quot;_transform_translateX_effect_mobile&quot;:{&quot;unit&quot;:&quot;px&quot;,&quot;size&quot;:&quot;&quot;,&quot;sizes&quot;:[]},&quot;_transform_translateY_effect&quot;:{&quot;unit&quot;:&quot;px&quot;,&quot;size&quot;:&quot;&quot;,&quot;sizes&quot;:[]},&quot;_transform_translateY_effect_tablet&quot;:{&quot;unit&quot;:&quot;px&quot;,&quot;size&quot;:&quot;&quot;,&quot;sizes&quot;:[]},&quot;_transform_translateY_effect_mobile&quot;:{&quot;unit&quot;:&quot;px&quot;,&quot;size&quot;:&quot;&quot;,&quot;sizes&quot;:[]}}\" data-widget_type=\"ts_icon_heading.default\">\n\t\t\t\t<div class=\"elementor-widget-container\">\n\t\t\t\t\t\r\n\r\n<div class=\"ts-ihbox ts-ihbox-style-2 ts-ihbox-itype-icon\">\r\n\t<div class=\"ts-sbox-bgimage-layer ts-bgimage-layer\"><\/div>\r\n\t<div class=\"ts-ihbox-wrapper-bg-layer ts-bg-layer\"><\/div>\r\n\t\r\n\t<div class=\"ts-ihbox-inner\">\r\n\t\t<div class=\"ts-ihbox-icon ts-large-icon ts-icon-skincolor\">\r\n\t\t\t<div class=\"ts-ihbox-icon\"><div class=\"ts-ihbox-icon-wrapper\"><i class=\"ti ti-settings\"><\/i><\/div><\/div>\t\t<\/div>\r\n\r\n\t\t<div class=\"ts-ihbox-contents\">\r\n\t\t\t<h2 class=\"ts-ihbox-heading\">\r\n\t\t\t\t\t\r\n\t\t\t\t\t\t\u0130\u015f saatlar\u0131\r\n\t\t\t\t\t\r\n\t\t\t\t\t<\/h2>\r\n\t\t\t\t\t\r\n\t\t\t\t\t\t\t<div class=\"ts-ihbox-content\">Be\u015f g\u00fcn : 9:00 18:00<\/div>\t\t\t\t\t<\/div><!-- .ts-sbox-contents -->\r\n\t<\/div>\t\r\n<\/div>\r\n\r\n\t\t\t\t<\/div>\n\t\t\t\t<\/div>\n\t\t\t\t\t<\/div>\n\t\t<\/div>\n\t\t\t\t\t<\/div>\n\t\t<\/section>\n\t\t\t\t\t<\/div>\n\t\t<\/div>\n\t\t\t\t<div class=\"elementor-column elementor-col-50 elementor-top-column elementor-element elementor-element-678f791 ts-bg-color-over-image\" data-id=\"678f791\" data-element_type=\"column\">\n\t\t\t<div class=\"elementor-widget-wrap elementor-element-populated\">\n\t\t\t\t\t\t<div class=\"elementor-element elementor-element-8ae80df elementor-widget elementor-widget-heading\" data-id=\"8ae80df\" data-element_type=\"widget\" data-widget_type=\"heading.default\">\n\t\t\t\t\t<h3 class=\"elementor-heading-title elementor-size-default\">\u018flaq\u0259 formas\u0131<\/h3>\t\t\t\t<\/div>\n\t\t\t\t<div class=\"elementor-element elementor-element-ece3520 elementor-widget elementor-widget-shortcode\" data-id=\"ece3520\" data-element_type=\"widget\" data-widget_type=\"shortcode.default\">\n\t\t\t\t\t\t\t<div class=\"elementor-shortcode\">\n<div class=\"wpcf7 no-js\" id=\"wpcf7-f29-o1\" lang=\"en-US\" dir=\"ltr\" data-wpcf7-id=\"29\">\n<div class=\"screen-reader-response\"><p role=\"status\" aria-live=\"polite\" aria-atomic=\"true\"><\/p> <ul><\/ul><\/div>\n<form action=\"\/en\/wp-json\/wp\/v2\/pages\/67#wpcf7-f29-o1\" method=\"post\" class=\"wpcf7-form init\" aria-label=\"Contact form\" novalidate=\"novalidate\" data-status=\"init\" data-trp-original-action=\"\/en\/wp-json\/wp\/v2\/pages\/67#wpcf7-f29-o1\">\n<fieldset class=\"hidden-fields-container\"><input type=\"hidden\" name=\"_wpcf7\" value=\"29\" \/><input type=\"hidden\" name=\"_wpcf7_version\" value=\"6.1.5\" \/><input type=\"hidden\" name=\"_wpcf7_locale\" value=\"en_US\" \/><input type=\"hidden\" name=\"_wpcf7_unit_tag\" value=\"wpcf7-f29-o1\" \/><input type=\"hidden\" name=\"_wpcf7_container_post\" value=\"0\" \/><input type=\"hidden\" name=\"_wpcf7_posted_data_hash\" value=\"\" \/>\n<\/fieldset>\n<div class=\"main-form\">\n\t<div class=\"row\">\n\t\t<div class=\"col-sm-6\">\n\t\t\t<div class=\"input-group\">\n\t\t\t\t<p><span class=\"wpcf7-form-control-wrap\" data-name=\"your-name\"><input size=\"40\" maxlength=\"400\" class=\"wpcf7-form-control wpcf7-text\" aria-invalid=\"false\" placeholder=\"Ad Soyad\" value=\"\" type=\"text\" name=\"your-name\" \/><\/span>\n\t\t\t\t<\/p>\n\t\t\t<\/div>\n\t\t<\/div>\n\t\t<div class=\"col-sm-6\">\n\t\t\t<div class=\"input-group\">\n\t\t\t\t<p><span class=\"wpcf7-form-control-wrap\" data-name=\"your-email\"><input size=\"40\" maxlength=\"400\" class=\"wpcf7-form-control wpcf7-email wpcf7-validates-as-required wpcf7-text wpcf7-validates-as-email\" aria-required=\"true\" aria-invalid=\"false\" placeholder=\"Email\" value=\"\" type=\"email\" name=\"your-email\" \/><\/span>\n\t\t\t\t<\/p>\n\t\t\t<\/div>\n\t\t<\/div>\n\t\t<div class=\"col-sm-6\">\n\t\t\t<div class=\"input-group\">\n\t\t\t\t<p><span class=\"wpcf7-form-control-wrap\" data-name=\"your-phone\"><input size=\"40\" maxlength=\"400\" class=\"wpcf7-form-control wpcf7-text\" aria-invalid=\"false\" placeholder=\"Phone\" value=\"\" type=\"text\" name=\"your-phone\" \/><\/span>\n\t\t\t\t<\/p>\n\t\t\t<\/div>\n\t\t<\/div>\n\t\t<div class=\"col-sm-6\">\n\t\t\t<div class=\"input-group\">\n\t\t\t\t<p><span class=\"wpcf7-form-control-wrap\" data-name=\"subject\"><input size=\"40\" maxlength=\"400\" class=\"wpcf7-form-control wpcf7-text\" aria-invalid=\"false\" placeholder=\"M\u00f6vzu\" value=\"\" type=\"text\" name=\"subject\" \/><\/span>\n\t\t\t\t<\/p>\n\t\t\t<\/div>\n\t\t<\/div>\n\t\t<div class=\"col-sm-12\">\n\t\t\t<div class=\"input-group input-button\">\n\t\t\t\t<p><span class=\"wpcf7-form-control-wrap\" data-name=\"area\"><input size=\"40\" maxlength=\"400\" class=\"wpcf7-form-control wpcf7-text\" aria-invalid=\"false\" placeholder=\"Mesaj\" value=\"\" type=\"text\" name=\"area\" \/><\/span>\n\t\t\t\t<\/p>\n\t\t\t<\/div>\n\t\t<\/div>\n\t\t<div class=\"col-sm-12\">\n\t\t\t<div class=\"input-group input-button\">\n\t\t\t\t<p><input class=\"wpcf7-form-control wpcf7-submit has-spinner\" type=\"submit\" value=\"G\u00f6nd\u0259r\" \/>\n\t\t\t\t<\/p>\n\t\t\t<\/div>\n\t\t<\/div>\n\t<\/div>\n<\/div><div class=\"wpcf7-response-output\" aria-hidden=\"true\"><\/div>\n<input type=\"hidden\" name=\"trp-form-language\" value=\"en\"\/><\/form>\n<\/div>\n<\/div>\n\t\t\t\t\t\t<\/div>\n\t\t\t\t\t<\/div>\n\t\t<\/div>\n\t\t\t\t\t<\/div>\n\t\t<\/section>\n\t\t\t\t<\/div>","protected":false},"excerpt":{"rendered":"<p>\u018flaq\u0259 Vasit\u0259l\u0259ri \u00dcnvan N\u0259rimanov r. \u018fliyar \u018fliyev 10 \u018flaq\u0259 n\u00f6mr\u0259si +994502120256 EMAIL sales@salmanoglukimya.com \u0130\u015f saatlar\u0131 Be\u015f g\u00fcn : 9:00 18:00 \u018flaq\u0259 formas\u0131<\/p>","protected":false},"author":1,"featured_media":0,"parent":0,"menu_order":28,"comment_status":"closed","ping_status":"closed","template":"","meta":{"footnotes":""},"class_list":["post-67","page","type-page","status-publish","hentry"],"_links":{"self":[{"href":"https:\/\/salmanoglukimya.com\/en\/wp-json\/wp\/v2\/pages\/67","targetHints":{"allow":["GET"]}}],"collection":[{"href":"https:\/\/salmanoglukimya.com\/en\/wp-json\/wp\/v2\/pages"}],"about":[{"href":"https:\/\/salmanoglukimya.com\/en\/wp-json\/wp\/v2\/types\/page"}],"author":[{"embeddable":true,"href":"https:\/\/salmanoglukimya.com\/en\/wp-json\/wp\/v2\/users\/1"}],"replies":[{"embeddable":true,"href":"https:\/\/salmanoglukimya.com\/en\/wp-json\/wp\/v2\/comments?post=67"}],"version-history":[{"count":1,"href":"https:\/\/salmanoglukimya.com\/en\/wp-json\/wp\/v2\/pages\/67\/revisions"}],"predecessor-version":[{"id":2169,"href":"https:\/\/salmanoglukimya.com\/en\/wp-json\/wp\/v2\/pages\/67\/revisions\/2169"}],"wp:attachment":[{"href":"https:\/\/salmanoglukimya.com\/en\/wp-json\/wp\/v2\/media?parent=67"}],"curies":[{"name":"wp","href":"https:\/\/api.w.org\/{rel}","templated":true}]}}