{"id":1684,"date":"2024-08-19T01:52:53","date_gmt":"2024-08-18T21:52:53","guid":{"rendered":"https:\/\/salmanoglukimya.com\/?post_type=product&#038;p=1684"},"modified":"2024-08-19T01:52:54","modified_gmt":"2024-08-18T21:52:54","slug":"olcu-kolbasi","status":"publish","type":"product","link":"https:\/\/salmanoglukimya.com\/en\/product\/olcu-kolbasi\/","title":{"rendered":"\u00d6l\u00e7\u00fc kolbas\u0131"},"content":{"rendered":"<p>\u00d6l\u00e7\u00fc kolbas\u0131<\/p>","protected":false},"excerpt":{"rendered":"<p>\u00d6l\u00e7\u00fc kolbas\u0131<\/p>","protected":false},"featured_media":1685,"comment_status":"closed","ping_status":"closed","template":"","meta":[],"product_brand":[],"product_cat":[106],"product_tag":[],"class_list":{"0":"post-1684","1":"product","2":"type-product","3":"status-publish","4":"has-post-thumbnail","6":"product_cat-sus-qablar","8":"first","9":"instock","10":"shipping-taxable","11":"product-type-simple"},"_links":{"self":[{"href":"https:\/\/salmanoglukimya.com\/en\/wp-json\/wp\/v2\/product\/1684","targetHints":{"allow":["GET"]}}],"collection":[{"href":"https:\/\/salmanoglukimya.com\/en\/wp-json\/wp\/v2\/product"}],"about":[{"href":"https:\/\/salmanoglukimya.com\/en\/wp-json\/wp\/v2\/types\/product"}],"replies":[{"embeddable":true,"href":"https:\/\/salmanoglukimya.com\/en\/wp-json\/wp\/v2\/comments?post=1684"}],"version-history":[{"count":0,"href":"https:\/\/salmanoglukimya.com\/en\/wp-json\/wp\/v2\/product\/1684\/revisions"}],"wp:featuredmedia":[{"embeddable":true,"href":"https:\/\/salmanoglukimya.com\/en\/wp-json\/wp\/v2\/media\/1685"}],"wp:attachment":[{"href":"https:\/\/salmanoglukimya.com\/en\/wp-json\/wp\/v2\/media?parent=1684"}],"wp:term":[{"taxonomy":"product_brand","embeddable":true,"href":"https:\/\/salmanoglukimya.com\/en\/wp-json\/wp\/v2\/product_brand?post=1684"},{"taxonomy":"product_cat","embeddable":true,"href":"https:\/\/salmanoglukimya.com\/en\/wp-json\/wp\/v2\/product_cat?post=1684"},{"taxonomy":"product_tag","embeddable":true,"href":"https:\/\/salmanoglukimya.com\/en\/wp-json\/wp\/v2\/product_tag?post=1684"}],"curies":[{"name":"wp","href":"https:\/\/api.w.org\/{rel}","templated":true}]}}