{"id":1740,"date":"2024-08-19T03:41:59","date_gmt":"2024-08-18T23:41:59","guid":{"rendered":"https:\/\/salmanoglukimya.com\/?post_type=product&#038;p=1740"},"modified":"2024-08-19T03:57:11","modified_gmt":"2024-08-18T23:57:11","slug":"reagent-s%c9%99ffaf-sus%c9%99-500-ml","status":"publish","type":"product","link":"https:\/\/salmanoglukimya.com\/en\/product\/reagent-s%c9%99ffaf-sus%c9%99-500-ml\/","title":{"rendered":"Reagent \u015f\u0259ffaf \u015f\u00fc\u015f\u0259 500 ml"},"content":{"rendered":"<p>Reagent \u015f\u0259ffaf \u015f\u00fc\u015f\u0259 500 ml<\/p>","protected":false},"excerpt":{"rendered":"<p>Reagent \u015f\u0259ffaf \u015f\u00fc\u015f\u0259 500 ml<\/p>","protected":false},"featured_media":1744,"comment_status":"closed","ping_status":"closed","template":"","meta":[],"product_brand":[],"product_cat":[106],"product_tag":[],"class_list":{"0":"post-1740","1":"product","2":"type-product","3":"status-publish","4":"has-post-thumbnail","6":"product_cat-sus-qablar","8":"first","9":"instock","10":"shipping-taxable","11":"product-type-simple"},"_links":{"self":[{"href":"https:\/\/salmanoglukimya.com\/en\/wp-json\/wp\/v2\/product\/1740","targetHints":{"allow":["GET"]}}],"collection":[{"href":"https:\/\/salmanoglukimya.com\/en\/wp-json\/wp\/v2\/product"}],"about":[{"href":"https:\/\/salmanoglukimya.com\/en\/wp-json\/wp\/v2\/types\/product"}],"replies":[{"embeddable":true,"href":"https:\/\/salmanoglukimya.com\/en\/wp-json\/wp\/v2\/comments?post=1740"}],"version-history":[{"count":0,"href":"https:\/\/salmanoglukimya.com\/en\/wp-json\/wp\/v2\/product\/1740\/revisions"}],"wp:featuredmedia":[{"embeddable":true,"href":"https:\/\/salmanoglukimya.com\/en\/wp-json\/wp\/v2\/media\/1744"}],"wp:attachment":[{"href":"https:\/\/salmanoglukimya.com\/en\/wp-json\/wp\/v2\/media?parent=1740"}],"wp:term":[{"taxonomy":"product_brand","embeddable":true,"href":"https:\/\/salmanoglukimya.com\/en\/wp-json\/wp\/v2\/product_brand?post=1740"},{"taxonomy":"product_cat","embeddable":true,"href":"https:\/\/salmanoglukimya.com\/en\/wp-json\/wp\/v2\/product_cat?post=1740"},{"taxonomy":"product_tag","embeddable":true,"href":"https:\/\/salmanoglukimya.com\/en\/wp-json\/wp\/v2\/product_tag?post=1740"}],"curies":[{"name":"wp","href":"https:\/\/api.w.org\/{rel}","templated":true}]}}