{"id":1745,"date":"2024-08-19T04:03:03","date_gmt":"2024-08-19T00:03:03","guid":{"rendered":"https:\/\/salmanoglukimya.com\/?post_type=product&#038;p=1745"},"modified":"2024-08-19T04:03:03","modified_gmt":"2024-08-19T00:03:03","slug":"reagent-s%c9%99ffaf-sus%c9%99-1000-ml","status":"publish","type":"product","link":"https:\/\/salmanoglukimya.com\/ru\/product\/reagent-s%c9%99ffaf-sus%c9%99-1000-ml\/","title":{"rendered":"Reagent \u015f\u0259ffaf \u015f\u00fc\u015f\u0259 1000 ml"},"content":{"rendered":"<p>Reagent \u015f\u0259ffaf \u015f\u00fc\u015f\u0259 1000 ml<\/p>","protected":false},"excerpt":{"rendered":"<p>Reagent \u015f\u0259ffaf \u015f\u00fc\u015f\u0259 1000 ml<\/p>","protected":false},"featured_media":1747,"comment_status":"closed","ping_status":"closed","template":"","meta":[],"product_brand":[],"product_cat":[106],"product_tag":[],"class_list":{"0":"post-1745","1":"product","2":"type-product","3":"status-publish","4":"has-post-thumbnail","6":"product_cat-sus-qablar","8":"first","9":"instock","10":"shipping-taxable","11":"product-type-simple"},"_links":{"self":[{"href":"https:\/\/salmanoglukimya.com\/ru\/wp-json\/wp\/v2\/product\/1745","targetHints":{"allow":["GET"]}}],"collection":[{"href":"https:\/\/salmanoglukimya.com\/ru\/wp-json\/wp\/v2\/product"}],"about":[{"href":"https:\/\/salmanoglukimya.com\/ru\/wp-json\/wp\/v2\/types\/product"}],"replies":[{"embeddable":true,"href":"https:\/\/salmanoglukimya.com\/ru\/wp-json\/wp\/v2\/comments?post=1745"}],"version-history":[{"count":0,"href":"https:\/\/salmanoglukimya.com\/ru\/wp-json\/wp\/v2\/product\/1745\/revisions"}],"wp:featuredmedia":[{"embeddable":true,"href":"https:\/\/salmanoglukimya.com\/ru\/wp-json\/wp\/v2\/media\/1747"}],"wp:attachment":[{"href":"https:\/\/salmanoglukimya.com\/ru\/wp-json\/wp\/v2\/media?parent=1745"}],"wp:term":[{"taxonomy":"product_brand","embeddable":true,"href":"https:\/\/salmanoglukimya.com\/ru\/wp-json\/wp\/v2\/product_brand?post=1745"},{"taxonomy":"product_cat","embeddable":true,"href":"https:\/\/salmanoglukimya.com\/ru\/wp-json\/wp\/v2\/product_cat?post=1745"},{"taxonomy":"product_tag","embeddable":true,"href":"https:\/\/salmanoglukimya.com\/ru\/wp-json\/wp\/v2\/product_tag?post=1745"}],"curies":[{"name":"wp","href":"https:\/\/api.w.org\/{rel}","templated":true}]}}