{"id":1749,"date":"2024-08-19T04:05:46","date_gmt":"2024-08-19T00:05:46","guid":{"rendered":"https:\/\/salmanoglukimya.com\/?post_type=product&#038;p=1749"},"modified":"2024-08-19T04:29:33","modified_gmt":"2024-08-19T00:29:33","slug":"r%c9%99q%c9%99msal-orbital-calkalayici","status":"publish","type":"product","link":"https:\/\/salmanoglukimya.com\/ru\/product\/r%c9%99q%c9%99msal-orbital-calkalayici\/","title":{"rendered":"R\u0259q\u0259msal Orbital \u00c7alkalay\u0131c\u0131."},"content":{"rendered":"<p>R\u0259q\u0259msal Orbital \u00c7alkalay\u0131c\u0131.<\/p>","protected":false},"excerpt":{"rendered":"<p>R\u0259q\u0259msal Orbital \u00c7alkalay\u0131c\u0131.<\/p>","protected":false},"featured_media":1750,"comment_status":"closed","ping_status":"closed","template":"","meta":[],"product_brand":[],"product_cat":[67],"product_tag":[],"class_list":{"0":"post-1749","1":"product","2":"type-product","3":"status-publish","4":"has-post-thumbnail","6":"product_cat-devices","8":"first","9":"instock","10":"shipping-taxable","11":"product-type-simple"},"_links":{"self":[{"href":"https:\/\/salmanoglukimya.com\/ru\/wp-json\/wp\/v2\/product\/1749","targetHints":{"allow":["GET"]}}],"collection":[{"href":"https:\/\/salmanoglukimya.com\/ru\/wp-json\/wp\/v2\/product"}],"about":[{"href":"https:\/\/salmanoglukimya.com\/ru\/wp-json\/wp\/v2\/types\/product"}],"replies":[{"embeddable":true,"href":"https:\/\/salmanoglukimya.com\/ru\/wp-json\/wp\/v2\/comments?post=1749"}],"version-history":[{"count":0,"href":"https:\/\/salmanoglukimya.com\/ru\/wp-json\/wp\/v2\/product\/1749\/revisions"}],"wp:featuredmedia":[{"embeddable":true,"href":"https:\/\/salmanoglukimya.com\/ru\/wp-json\/wp\/v2\/media\/1750"}],"wp:attachment":[{"href":"https:\/\/salmanoglukimya.com\/ru\/wp-json\/wp\/v2\/media?parent=1749"}],"wp:term":[{"taxonomy":"product_brand","embeddable":true,"href":"https:\/\/salmanoglukimya.com\/ru\/wp-json\/wp\/v2\/product_brand?post=1749"},{"taxonomy":"product_cat","embeddable":true,"href":"https:\/\/salmanoglukimya.com\/ru\/wp-json\/wp\/v2\/product_cat?post=1749"},{"taxonomy":"product_tag","embeddable":true,"href":"https:\/\/salmanoglukimya.com\/ru\/wp-json\/wp\/v2\/product_tag?post=1749"}],"curies":[{"name":"wp","href":"https:\/\/api.w.org\/{rel}","templated":true}]}}