{"id":791,"date":"2024-07-06T18:15:24","date_gmt":"2024-07-06T14:15:24","guid":{"rendered":"https:\/\/salmanoglukimya.com\/?post_type=product&#038;p=791"},"modified":"2024-08-19T04:30:15","modified_gmt":"2024-08-19T00:30:15","slug":"cini-qasiq-boyuk-olculu-170mm","status":"publish","type":"product","link":"https:\/\/salmanoglukimya.com\/ru\/product\/cini-qasiq-boyuk-olculu-170mm\/","title":{"rendered":"\u00c7ini qa\u015f\u0131q b\u00f6y\u00fck \u00f6l\u00e7\u00fcl\u00fc 170mm"},"content":{"rendered":"","protected":false},"excerpt":{"rendered":"","protected":false},"featured_media":792,"comment_status":"closed","ping_status":"closed","template":"","meta":[],"product_brand":[],"product_cat":[103],"product_tag":[],"class_list":{"0":"post-791","1":"product","2":"type-product","3":"status-publish","4":"has-post-thumbnail","6":"product_cat-laboratoriya-lvazimatlari","8":"first","9":"instock","10":"shipping-taxable","11":"product-type-simple"},"_links":{"self":[{"href":"https:\/\/salmanoglukimya.com\/ru\/wp-json\/wp\/v2\/product\/791","targetHints":{"allow":["GET"]}}],"collection":[{"href":"https:\/\/salmanoglukimya.com\/ru\/wp-json\/wp\/v2\/product"}],"about":[{"href":"https:\/\/salmanoglukimya.com\/ru\/wp-json\/wp\/v2\/types\/product"}],"replies":[{"embeddable":true,"href":"https:\/\/salmanoglukimya.com\/ru\/wp-json\/wp\/v2\/comments?post=791"}],"version-history":[{"count":0,"href":"https:\/\/salmanoglukimya.com\/ru\/wp-json\/wp\/v2\/product\/791\/revisions"}],"wp:featuredmedia":[{"embeddable":true,"href":"https:\/\/salmanoglukimya.com\/ru\/wp-json\/wp\/v2\/media\/792"}],"wp:attachment":[{"href":"https:\/\/salmanoglukimya.com\/ru\/wp-json\/wp\/v2\/media?parent=791"}],"wp:term":[{"taxonomy":"product_brand","embeddable":true,"href":"https:\/\/salmanoglukimya.com\/ru\/wp-json\/wp\/v2\/product_brand?post=791"},{"taxonomy":"product_cat","embeddable":true,"href":"https:\/\/salmanoglukimya.com\/ru\/wp-json\/wp\/v2\/product_cat?post=791"},{"taxonomy":"product_tag","embeddable":true,"href":"https:\/\/salmanoglukimya.com\/ru\/wp-json\/wp\/v2\/product_tag?post=791"}],"curies":[{"name":"wp","href":"https:\/\/api.w.org\/{rel}","templated":true}]}}