{"id":793,"date":"2024-07-06T18:18:49","date_gmt":"2024-07-06T14:18:49","guid":{"rendered":"https:\/\/salmanoglukimya.com\/?post_type=product&#038;p=793"},"modified":"2024-07-06T18:48:46","modified_gmt":"2024-07-06T14:48:46","slug":"kolba-qizdirici-500-ml","status":"publish","type":"product","link":"https:\/\/salmanoglukimya.com\/ru\/product\/kolba-qizdirici-500-ml\/","title":{"rendered":"Kolba q\u0131zd\u0131r\u0131c\u0131 500 ml"},"content":{"rendered":"","protected":false},"excerpt":{"rendered":"","protected":false},"featured_media":794,"comment_status":"closed","ping_status":"closed","template":"","meta":[],"product_brand":[],"product_cat":[67],"product_tag":[],"class_list":{"0":"post-793","1":"product","2":"type-product","3":"status-publish","4":"has-post-thumbnail","6":"product_cat-devices","8":"first","9":"instock","10":"shipping-taxable","11":"product-type-simple"},"_links":{"self":[{"href":"https:\/\/salmanoglukimya.com\/ru\/wp-json\/wp\/v2\/product\/793","targetHints":{"allow":["GET"]}}],"collection":[{"href":"https:\/\/salmanoglukimya.com\/ru\/wp-json\/wp\/v2\/product"}],"about":[{"href":"https:\/\/salmanoglukimya.com\/ru\/wp-json\/wp\/v2\/types\/product"}],"replies":[{"embeddable":true,"href":"https:\/\/salmanoglukimya.com\/ru\/wp-json\/wp\/v2\/comments?post=793"}],"version-history":[{"count":0,"href":"https:\/\/salmanoglukimya.com\/ru\/wp-json\/wp\/v2\/product\/793\/revisions"}],"wp:featuredmedia":[{"embeddable":true,"href":"https:\/\/salmanoglukimya.com\/ru\/wp-json\/wp\/v2\/media\/794"}],"wp:attachment":[{"href":"https:\/\/salmanoglukimya.com\/ru\/wp-json\/wp\/v2\/media?parent=793"}],"wp:term":[{"taxonomy":"product_brand","embeddable":true,"href":"https:\/\/salmanoglukimya.com\/ru\/wp-json\/wp\/v2\/product_brand?post=793"},{"taxonomy":"product_cat","embeddable":true,"href":"https:\/\/salmanoglukimya.com\/ru\/wp-json\/wp\/v2\/product_cat?post=793"},{"taxonomy":"product_tag","embeddable":true,"href":"https:\/\/salmanoglukimya.com\/ru\/wp-json\/wp\/v2\/product_tag?post=793"}],"curies":[{"name":"wp","href":"https:\/\/api.w.org\/{rel}","templated":true}]}}