{"id":804,"date":"2024-07-06T18:34:54","date_gmt":"2024-07-06T14:34:54","guid":{"rendered":"https:\/\/salmanoglukimya.com\/?post_type=product&#038;p=804"},"modified":"2024-07-06T18:46:03","modified_gmt":"2024-07-06T14:46:03","slug":"distilyatoru-avadanligi-avtomatik-10-litr","status":"publish","type":"product","link":"https:\/\/salmanoglukimya.com\/ru\/product\/distilyatoru-avadanligi-avtomatik-10-litr\/","title":{"rendered":"Distilyatoru avadanl\u0131\u011f\u0131 avtomatik 10 litr"},"content":{"rendered":"","protected":false},"excerpt":{"rendered":"","protected":false},"featured_media":805,"comment_status":"closed","ping_status":"closed","template":"","meta":[],"product_brand":[],"product_cat":[67],"product_tag":[],"class_list":{"0":"post-804","1":"product","2":"type-product","3":"status-publish","4":"has-post-thumbnail","6":"product_cat-devices","8":"first","9":"instock","10":"shipping-taxable","11":"product-type-simple"},"_links":{"self":[{"href":"https:\/\/salmanoglukimya.com\/ru\/wp-json\/wp\/v2\/product\/804","targetHints":{"allow":["GET"]}}],"collection":[{"href":"https:\/\/salmanoglukimya.com\/ru\/wp-json\/wp\/v2\/product"}],"about":[{"href":"https:\/\/salmanoglukimya.com\/ru\/wp-json\/wp\/v2\/types\/product"}],"replies":[{"embeddable":true,"href":"https:\/\/salmanoglukimya.com\/ru\/wp-json\/wp\/v2\/comments?post=804"}],"version-history":[{"count":0,"href":"https:\/\/salmanoglukimya.com\/ru\/wp-json\/wp\/v2\/product\/804\/revisions"}],"wp:featuredmedia":[{"embeddable":true,"href":"https:\/\/salmanoglukimya.com\/ru\/wp-json\/wp\/v2\/media\/805"}],"wp:attachment":[{"href":"https:\/\/salmanoglukimya.com\/ru\/wp-json\/wp\/v2\/media?parent=804"}],"wp:term":[{"taxonomy":"product_brand","embeddable":true,"href":"https:\/\/salmanoglukimya.com\/ru\/wp-json\/wp\/v2\/product_brand?post=804"},{"taxonomy":"product_cat","embeddable":true,"href":"https:\/\/salmanoglukimya.com\/ru\/wp-json\/wp\/v2\/product_cat?post=804"},{"taxonomy":"product_tag","embeddable":true,"href":"https:\/\/salmanoglukimya.com\/ru\/wp-json\/wp\/v2\/product_tag?post=804"}],"curies":[{"name":"wp","href":"https:\/\/api.w.org\/{rel}","templated":true}]}}